{"id":131,"date":"2022-02-09T22:40:14","date_gmt":"2022-02-09T21:40:14","guid":{"rendered":"https:\/\/smb-nidda.de\/wp\/?page_id=131"},"modified":"2022-03-14T21:58:51","modified_gmt":"2022-03-14T20:58:51","slug":"unternehmen","status":"publish","type":"page","link":"https:\/\/smb-nidda.de\/wp\/unternehmen\/","title":{"rendered":"Unternehmen"},"content":{"rendered":"<div id=\"pl-131\"  class=\"panel-layout\" ><div id=\"pg-131-0\"  class=\"panel-grid panel-has-style\" ><div style=\"padding: 0px 0; \" data-overlay=\"true\" data-overlay-color=\"#000000\" class=\"panel-row-style panel-row-style-for-131-0\" ><div id=\"pgc-131-0-0\"  class=\"panel-grid-cell\" ><div id=\"panel-131-0-0-0\" class=\"so-panel widget widget_sow-editor panel-first-child panel-last-child\" data-index=\"0\" ><div style=\"text-align: left;\" data-title-color=\"#443f3f\" data-headings-color=\"#443f3f\" class=\"panel-widget-style panel-widget-style-for-131-0-0-0\" ><div\n\t\t\t\n\t\t\tclass=\"so-widget-sow-editor so-widget-sow-editor-base\"\n\t\t\t\n\t\t><h3 class=\"widget-title\">Unternehmen<\/h3>\n<div class=\"siteorigin-widget-tinymce textwidget\">\n\t<\/div>\n<\/div><\/div><\/div><\/div><\/div><\/div><div id=\"pg-131-1\"  class=\"panel-grid panel-has-style\" ><div style=\"padding: 0px 0; \" data-overlay=\"true\" data-overlay-color=\"#000000\" class=\"panel-row-style panel-row-style-for-131-1\" ><div id=\"pgc-131-1-0\"  class=\"panel-grid-cell\" ><div id=\"panel-131-1-0-0\" class=\"so-panel widget widget_sow-editor panel-first-child panel-last-child\" data-index=\"1\" ><div style=\"text-align: left;\" data-title-color=\"#443f3f\" data-headings-color=\"#443f3f\" class=\"panel-widget-style panel-widget-style-for-131-1-0-0\" ><div\n\t\t\t\n\t\t\tclass=\"so-widget-sow-editor so-widget-sow-editor-base\"\n\t\t\t\n\t\t>\n<div class=\"siteorigin-widget-tinymce textwidget\">\n\t<h3 style=\"text-align: center;\">HISTORIE<\/h3>\n<\/div>\n<\/div><\/div><\/div><\/div><div id=\"pgc-131-1-1\"  class=\"panel-grid-cell\" ><div id=\"panel-131-1-1-0\" class=\"so-panel widget widget_sow-editor panel-first-child panel-last-child\" data-index=\"2\" ><div style=\"text-align: left;\" data-title-color=\"#443f3f\" data-headings-color=\"#443f3f\" class=\"panel-widget-style panel-widget-style-for-131-1-1-0\" ><div\n\t\t\t\n\t\t\tclass=\"so-widget-sow-editor so-widget-sow-editor-base\"\n\t\t\t\n\t\t>\n<div class=\"siteorigin-widget-tinymce textwidget\">\n\t<h3>1991<\/h3>\n<p>Firmengr\u00fcndung SMB (Sieler M\u00fcller Belzer) Gesellschaft f\u00fcr Automatisierungs-Technik mbH mit der seinerzeitigen Unternehmensstrategie, Gesamtdienstleistungen in den verschiedensten Technologiebereichen auf Basis der EMSR (Elektro-Mess-Steuerungs- und Regelungstechnik) kundenorientiert anzubieten.<\/p>\n<h3>1992<\/h3>\n<p>Bereits ein Jahr nach Firmengr\u00fcndung k\u00f6nnen wir unsere Kunden sowohl mit Teil- als auch Gesamtkonzepten auf der Ebene der Automatisierung und Optimierung von Maschinen, Anlagen und Prozessen unterst\u00fctzen, die je nach Aufgabenstellung aus Bausteinen wie Beratung, Planung, Projektierung, Fertigung, Programmierung, Visualisierung, Montage, Inbetriebnahme, Wartung und Instandsetzung zusammengestellt werden.<\/p>\n<h3>1994<\/h3>\n<p>Durch einen Auftrag, 39 Analysensysteme mit unterschiedlichen Applikationen zur Steuerung, \u00dcberwachung und Regelung von Claus-Anlagen an einen Gasunternehmen zu liefern, ist innerhalb nur eines Jahres der Unternehmensbereich Analysen-Systemtechnik entstanden.<\/p>\n<h3>1995<\/h3>\n<p>Bezug des neu errichteten Technology Centers Nidda mit Unternehmenszentrale sowie Integration der Unternehmensbereiche EMSR und Analysen-Systemtechnik; Zentrallager und mechanische Fertigung verbleiben am Gr\u00fcndungsort Gei\u00df-Nidda.<\/p>\n<h3>1997<\/h3>\n<p>Inspiriert durch die Analysentechnik hat sich zwischenzeitlich der Unternehmensbereich Mechanische Fertigung etabliert, zwangsl\u00e4ufig hierauf aufbauend Anlageninstrumentierungen, Sonderanfertigungen und Warenhandling f\u00fcr Maschinen, Anlagen und Systemapplikationen.<\/p>\n<h3>1999<\/h3>\n<p>Firmengr\u00fcndung SMB Proze\u00dfanalysentechnik GmbH mit der seinerzeitigen Unternehmensstrategie, aufbauend auf die Analysen-Systemtechnik einem bestimmten Kundenkreis als Gesamtdienstleister f\u00fcr Prozessanalysen zur Verf\u00fcgung zu stehen.<\/p>\n<h3>2003<\/h3>\n<p>24-Stunden-Service an 365 Tagen im Jahr, eine Herausforderung an unsere Mitarbeiter im Dienstleistungsbereich - gleichzeitig eine Best\u00e4tigung unserer Unternehmensstrategie \"Kompetenz und Verf\u00fcgbarkeit wird vom Kunden gefordert und honoriert\"<\/p>\n<h3>2005<\/h3>\n<p>Regenerative Energiesysteme - Strom und W\u00e4rme kommt aus der Natur. SMB bietet ein komplettes Programm regenerativer Energiesysteme, angefangen bei Photovoltaikanlagen \u00fcber Solarsysteme bis hin zu W\u00e4rmepumpen; Blockheizkraftwerke und Festbrennstoff-Anlagen zur Abrundung unseres Gesch\u00e4ftsbereichs SHK.<\/p>\n<h3>2011<\/h3>\n<p>Firmengr\u00fcndung SMB Vertriebs- und Service GmbH mit der seinerzeitgen Unternehmensstrategie, aufbauend auf die Analysen-Systemtechnik einem bestimmten Kundenkreis als Gesamtdienstleister f\u00fcr w\u00e4rmetechnische Produkte zur Verf\u00fcgung zu stehen.<\/p>\n<h3>2013<\/h3>\n<p>Bezug unseres neu errichteten Technology Centers Nidda-Harb.<\/p>\n<p>Schaffung weiterer technisch hochwertiger Arbeitspl\u00e4tze, um Kundenforderungen an k\u00fcrzere Innovationszeiten und Aufstockung von Fertigungsm\u00f6glichkeiten nachkommen zu k\u00f6nnen. Unternehmenszentrale sowie die Heizungs- und Klimatechnik verbleiben in der Kernstadt.<\/p>\n<h3>2015<\/h3>\n<p>- aus 3 wird 1 - nicht nur wirtschaftlich ein Erfolg!<\/p>\n<p>Verschmelzung SMB Proze\u00dfanalysentechnik GmbH und SMB Vertriebs- und Service GmbH mit der SMB Gesellschaft f\u00fcr Automatisierungs-Technik mbH.<\/p>\n<h3>2016<\/h3>\n<p>25 Jahre SMB und weiterhin ein zuverl\u00e4ssiger und kompetenter Partner in Sachen \u201eInnovative L\u00f6sungen auf h\u00f6chstem technischen Niveau\u201c<\/p>\n<h3>2018<\/h3>\n<p>Zusammenlegung der Standorte Nidda (Heizungs- und Klimatechnik) und Nidda-Harb - f\u00fcr verbesserte Abl\u00e4ufe und k\u00fcrzere Transport- und Kommunikationswege.<\/p>\n<\/div>\n<\/div><\/div><\/div><\/div><\/div><\/div><\/div>","protected":false},"excerpt":{"rendered":"<p>HISTORIE 1991 Firmengr\u00fcndung SMB (Sieler M\u00fcller Belzer) Gesellschaft f\u00fcr Automatisierungs-Technik mbH mit der seinerzeitigen Unternehmensstrategie, Gesamtdienstleistungen in den verschiedensten Technologiebereichen auf Basis [&hellip;]<\/p>\n","protected":false},"author":1,"featured_media":0,"parent":0,"menu_order":0,"comment_status":"closed","ping_status":"closed","template":"page-templates\/page_fullwidth.php","meta":{"footnotes":""},"class_list":["post-131","page","type-page","status-publish","hentry"],"yoast_head":"<!-- This site is optimized with the Yoast SEO plugin v27.3 - https:\/\/yoast.com\/product\/yoast-seo-wordpress\/ -->\n<title>Unternehmen - SMB Nidda<\/title>\n<meta name=\"robots\" content=\"index, follow, max-snippet:-1, max-image-preview:large, max-video-preview:-1\" \/>\n<link rel=\"canonical\" href=\"https:\/\/smb-nidda.de\/wp\/unternehmen\/\" \/>\n<meta property=\"og:locale\" content=\"de_DE\" \/>\n<meta property=\"og:type\" content=\"article\" \/>\n<meta property=\"og:title\" content=\"Unternehmen - SMB Nidda\" \/>\n<meta property=\"og:description\" content=\"HISTORIE 1991 Firmengr\u00fcndung SMB (Sieler M\u00fcller Belzer) Gesellschaft f\u00fcr Automatisierungs-Technik mbH mit der seinerzeitigen Unternehmensstrategie, Gesamtdienstleistungen in den verschiedensten Technologiebereichen auf Basis [&hellip;]\" \/>\n<meta property=\"og:url\" content=\"https:\/\/smb-nidda.de\/wp\/unternehmen\/\" \/>\n<meta property=\"og:site_name\" content=\"SMB Nidda\" \/>\n<meta property=\"article:modified_time\" content=\"2022-03-14T20:58:51+00:00\" \/>\n<meta name=\"twitter:card\" content=\"summary_large_image\" \/>\n<meta name=\"twitter:label1\" content=\"Gesch\u00e4tzte Lesezeit\" \/>\n\t<meta name=\"twitter:data1\" content=\"2\u00a0Minuten\" \/>\n<script type=\"application\/ld+json\" class=\"yoast-schema-graph\">{\"@context\":\"https:\\\/\\\/schema.org\",\"@graph\":[{\"@type\":\"WebPage\",\"@id\":\"https:\\\/\\\/smb-nidda.de\\\/wp\\\/unternehmen\\\/\",\"url\":\"https:\\\/\\\/smb-nidda.de\\\/wp\\\/unternehmen\\\/\",\"name\":\"Unternehmen - SMB Nidda\",\"isPartOf\":{\"@id\":\"https:\\\/\\\/smb-nidda.de\\\/wp\\\/#website\"},\"datePublished\":\"2022-02-09T21:40:14+00:00\",\"dateModified\":\"2022-03-14T20:58:51+00:00\",\"breadcrumb\":{\"@id\":\"https:\\\/\\\/smb-nidda.de\\\/wp\\\/unternehmen\\\/#breadcrumb\"},\"inLanguage\":\"de\",\"potentialAction\":[{\"@type\":\"ReadAction\",\"target\":[\"https:\\\/\\\/smb-nidda.de\\\/wp\\\/unternehmen\\\/\"]}]},{\"@type\":\"BreadcrumbList\",\"@id\":\"https:\\\/\\\/smb-nidda.de\\\/wp\\\/unternehmen\\\/#breadcrumb\",\"itemListElement\":[{\"@type\":\"ListItem\",\"position\":1,\"name\":\"Startseite\",\"item\":\"https:\\\/\\\/smb-nidda.de\\\/wp\\\/\"},{\"@type\":\"ListItem\",\"position\":2,\"name\":\"Unternehmen\"}]},{\"@type\":\"WebSite\",\"@id\":\"https:\\\/\\\/smb-nidda.de\\\/wp\\\/#website\",\"url\":\"https:\\\/\\\/smb-nidda.de\\\/wp\\\/\",\"name\":\"SMB Nidda\",\"description\":\"\",\"potentialAction\":[{\"@type\":\"SearchAction\",\"target\":{\"@type\":\"EntryPoint\",\"urlTemplate\":\"https:\\\/\\\/smb-nidda.de\\\/wp\\\/?s={search_term_string}\"},\"query-input\":{\"@type\":\"PropertyValueSpecification\",\"valueRequired\":true,\"valueName\":\"search_term_string\"}}],\"inLanguage\":\"de\"}]}<\/script>\n<!-- \/ Yoast SEO plugin. -->","yoast_head_json":{"title":"Unternehmen - SMB Nidda","robots":{"index":"index","follow":"follow","max-snippet":"max-snippet:-1","max-image-preview":"max-image-preview:large","max-video-preview":"max-video-preview:-1"},"canonical":"https:\/\/smb-nidda.de\/wp\/unternehmen\/","og_locale":"de_DE","og_type":"article","og_title":"Unternehmen - SMB Nidda","og_description":"HISTORIE 1991 Firmengr\u00fcndung SMB (Sieler M\u00fcller Belzer) Gesellschaft f\u00fcr Automatisierungs-Technik mbH mit der seinerzeitigen Unternehmensstrategie, Gesamtdienstleistungen in den verschiedensten Technologiebereichen auf Basis [&hellip;]","og_url":"https:\/\/smb-nidda.de\/wp\/unternehmen\/","og_site_name":"SMB Nidda","article_modified_time":"2022-03-14T20:58:51+00:00","twitter_card":"summary_large_image","twitter_misc":{"Gesch\u00e4tzte Lesezeit":"2\u00a0Minuten"},"schema":{"@context":"https:\/\/schema.org","@graph":[{"@type":"WebPage","@id":"https:\/\/smb-nidda.de\/wp\/unternehmen\/","url":"https:\/\/smb-nidda.de\/wp\/unternehmen\/","name":"Unternehmen - SMB Nidda","isPartOf":{"@id":"https:\/\/smb-nidda.de\/wp\/#website"},"datePublished":"2022-02-09T21:40:14+00:00","dateModified":"2022-03-14T20:58:51+00:00","breadcrumb":{"@id":"https:\/\/smb-nidda.de\/wp\/unternehmen\/#breadcrumb"},"inLanguage":"de","potentialAction":[{"@type":"ReadAction","target":["https:\/\/smb-nidda.de\/wp\/unternehmen\/"]}]},{"@type":"BreadcrumbList","@id":"https:\/\/smb-nidda.de\/wp\/unternehmen\/#breadcrumb","itemListElement":[{"@type":"ListItem","position":1,"name":"Startseite","item":"https:\/\/smb-nidda.de\/wp\/"},{"@type":"ListItem","position":2,"name":"Unternehmen"}]},{"@type":"WebSite","@id":"https:\/\/smb-nidda.de\/wp\/#website","url":"https:\/\/smb-nidda.de\/wp\/","name":"SMB Nidda","description":"","potentialAction":[{"@type":"SearchAction","target":{"@type":"EntryPoint","urlTemplate":"https:\/\/smb-nidda.de\/wp\/?s={search_term_string}"},"query-input":{"@type":"PropertyValueSpecification","valueRequired":true,"valueName":"search_term_string"}}],"inLanguage":"de"}]}},"_links":{"self":[{"href":"https:\/\/smb-nidda.de\/wp\/wp-json\/wp\/v2\/pages\/131","targetHints":{"allow":["GET"]}}],"collection":[{"href":"https:\/\/smb-nidda.de\/wp\/wp-json\/wp\/v2\/pages"}],"about":[{"href":"https:\/\/smb-nidda.de\/wp\/wp-json\/wp\/v2\/types\/page"}],"author":[{"embeddable":true,"href":"https:\/\/smb-nidda.de\/wp\/wp-json\/wp\/v2\/users\/1"}],"replies":[{"embeddable":true,"href":"https:\/\/smb-nidda.de\/wp\/wp-json\/wp\/v2\/comments?post=131"}],"version-history":[{"count":91,"href":"https:\/\/smb-nidda.de\/wp\/wp-json\/wp\/v2\/pages\/131\/revisions"}],"predecessor-version":[{"id":1555,"href":"https:\/\/smb-nidda.de\/wp\/wp-json\/wp\/v2\/pages\/131\/revisions\/1555"}],"wp:attachment":[{"href":"https:\/\/smb-nidda.de\/wp\/wp-json\/wp\/v2\/media?parent=131"}],"curies":[{"name":"wp","href":"https:\/\/api.w.org\/{rel}","templated":true}]}}