{"id":1652,"date":"2022-03-15T12:05:31","date_gmt":"2022-03-15T11:05:31","guid":{"rendered":"https:\/\/smb-nidda.de\/wp\/?page_id=1652"},"modified":"2022-03-15T21:58:12","modified_gmt":"2022-03-15T20:58:12","slug":"heizschlaeuche","status":"publish","type":"page","link":"https:\/\/smb-nidda.de\/wp\/beheizte-komponenten\/rohrbuendel-heizschlaeuche\/heizschlaeuche\/","title":{"rendered":"&middot; Heizschl\u00e4uche"},"content":{"rendered":"<div id=\"pl-1652\"  class=\"panel-layout\" ><div id=\"pg-1652-0\"  class=\"panel-grid panel-has-style\" ><div style=\"padding: 0px 0; \" data-overlay=\"true\" data-overlay-color=\"#000000\" class=\"panel-row-style panel-row-style-for-1652-0\" ><div id=\"pgc-1652-0-0\"  class=\"panel-grid-cell\" ><div id=\"panel-1652-0-0-0\" class=\"so-panel widget widget_sow-editor panel-first-child panel-last-child\" data-index=\"0\" ><div style=\"text-align: left;\" data-title-color=\"#443f3f\" data-headings-color=\"#443f3f\" class=\"panel-widget-style panel-widget-style-for-1652-0-0-0\" ><div\n\t\t\t\n\t\t\tclass=\"so-widget-sow-editor so-widget-sow-editor-base\"\n\t\t\t\n\t\t><h3 class=\"widget-title\">Heizschl\u00e4uche<\/h3>\n<div class=\"siteorigin-widget-tinymce textwidget\">\n\t<\/div>\n<\/div><\/div><\/div><\/div><\/div><\/div><div id=\"pg-1652-1\"  class=\"panel-grid panel-has-style\" ><div style=\"padding: 0px 0; \" data-overlay=\"true\" data-overlay-color=\"#000000\" class=\"panel-row-style panel-row-style-for-1652-1\" ><div id=\"pgc-1652-1-0\"  class=\"panel-grid-cell\" ><div id=\"panel-1652-1-0-0\" class=\"so-panel widget widget_sow-image panel-first-child panel-last-child\" data-index=\"1\" ><div style=\"text-align: left;\" data-title-color=\"#443f3f\" data-headings-color=\"#443f3f\" class=\"panel-widget-style panel-widget-style-for-1652-1-0-0\" ><div\n\t\t\t\n\t\t\tclass=\"so-widget-sow-image so-widget-sow-image-default-8b5b6f678277-1652\"\n\t\t\t\n\t\t>\n<div class=\"sow-image-container\">\n\t\t<img \n\tsrc=\"https:\/\/smb-nidda.de\/wp\/wp-content\/uploads\/2022\/03\/DreiHeizschlaeuche.jpg\" width=\"460\" height=\"345\" srcset=\"https:\/\/smb-nidda.de\/wp\/wp-content\/uploads\/2022\/03\/DreiHeizschlaeuche.jpg 460w, https:\/\/smb-nidda.de\/wp\/wp-content\/uploads\/2022\/03\/DreiHeizschlaeuche-300x225.jpg 300w, https:\/\/smb-nidda.de\/wp\/wp-content\/uploads\/2022\/03\/DreiHeizschlaeuche-230x173.jpg 230w, https:\/\/smb-nidda.de\/wp\/wp-content\/uploads\/2022\/03\/DreiHeizschlaeuche-350x263.jpg 350w\" sizes=\"(max-width: 460px) 100vw, 460px\" alt=\"\" \t\tclass=\"so-widget-image\"\/>\n\t<\/div>\n\n<\/div><\/div><\/div><\/div><div id=\"pgc-1652-1-1\"  class=\"panel-grid-cell\" ><div id=\"panel-1652-1-1-0\" class=\"so-panel widget widget_sow-editor panel-first-child\" data-index=\"2\" ><div style=\"text-align: left;\" data-title-color=\"#443f3f\" data-headings-color=\"#443f3f\" class=\"panel-widget-style panel-widget-style-for-1652-1-1-0\" ><div\n\t\t\t\n\t\t\tclass=\"so-widget-sow-editor so-widget-sow-editor-base\"\n\t\t\t\n\t\t>\n<div class=\"siteorigin-widget-tinymce textwidget\">\n\t<h3 style=\"text-align: center;\">FLEXIBLE HEIZSCHLAUCHTECHNIK<\/h3>\n<p>Beheizte Heizschlauchleitungen sind bis zu einem Temperaturbereich von 200\u00b0 C lieferbar (auf Anfrage auch als Sonderausfertigung bis 400\u00b0 C).<\/p>\n<p>Dr\u00fccke bis 500 bar sind je nach Nennweite der Rohre realisiert werden. Die Beheizung kann \u00fcber selbstlimitierende oder konstant heizende Heizkabel erfolgen.<\/p>\n<p>Eine \u00dcberwachung \u00fcber Thermoelemente \/ PT 100\/1000 und den dazugeh\u00f6rigen Regler und Begrenzer bieten wir gerne mit an.<\/p>\n<p>Alle Zubeh\u00f6rteile wurden von uns in der Praxis getestet und k\u00f6nnen mitgeliefert werden. Die Ringwellschl\u00e4uche liefern wir in den Materialien PVC\/PA 6-12\/Metall mit und ohne Schutzmantel.<\/p>\n<p>Der Einsatz der Heizschl\u00e4uche findet in verschiedenen Industriebereichen ihre Anwendung.<\/p>\n<p>Hierzu geh\u00f6ren Raffinerien oder Petroindustrie, die chemische- und pharmazeutische Industrie oder an Motorabgasmesseinheiten.<\/p>\n<p>Die SMB Gesellschaft f\u00fcr Automatisierungstechnik mbH ist in der Lage Ihnen die angegliederten Komponenten, wie Feuchtemessger\u00e4te oder Chromatographen anzubieten und zu montieren.<\/p>\n<p>Weiter binden wir diese Ger\u00e4te an Ihre Prozessleitsysteme oder speicherprogrammierte Steuerungen in Ex und non Ex an.<\/p>\n<\/div>\n<\/div><\/div><\/div><div id=\"panel-1652-1-1-1\" class=\"so-panel widget widget_sow-button panel-last-child\" data-index=\"3\" ><div style=\"text-align: left;\" data-title-color=\"#443f3f\" data-headings-color=\"#443f3f\" class=\"panel-widget-style panel-widget-style-for-1652-1-1-1\" ><div\n\t\t\t\n\t\t\tclass=\"so-widget-sow-button so-widget-sow-button-flat-bae070863e8d-1652\"\n\t\t\t\n\t\t><div class=\"ow-button-base ow-button-align-center\"\n>\n\t\t\t<a\n\t\t\t\t\thref=\"https:\/\/smb-nidda.de\/wp\/wp-content\/uploads\/2022\/03\/FlexibleHeizschlauchtechnikProspekt.pdf\"\n\t\t\t\t\tclass=\"sowb-button ow-icon-placement-left ow-button-hover\" target=\"_blank\" rel=\"noopener noreferrer\" \t>\n\t\t<span>\n\t\t\t\n\t\t\t\u00bb Non EX-Variante\t\t<\/span>\n\t\t\t<\/a>\n\t<\/div>\n<\/div><\/div><\/div><\/div><\/div><\/div><div id=\"pg-1652-2\"  class=\"panel-grid panel-has-style\" ><div style=\"padding: 30px 0; \" data-overlay=\"true\" data-overlay-color=\"#000000\" class=\"panel-row-style panel-row-style-for-1652-2\" ><div id=\"pgc-1652-2-0\"  class=\"panel-grid-cell\" ><div id=\"panel-1652-2-0-0\" class=\"so-panel widget widget_sow-editor panel-first-child panel-last-child\" data-index=\"4\" ><div style=\"text-align: left;\" data-title-color=\"#443f3f\" data-headings-color=\"#443f3f\" class=\"panel-widget-style panel-widget-style-for-1652-2-0-0\" ><div\n\t\t\t\n\t\t\tclass=\"so-widget-sow-editor so-widget-sow-editor-base\"\n\t\t\t\n\t\t>\n<div class=\"siteorigin-widget-tinymce textwidget\">\n\t<hr style=\"border: 1px solid #73bbf3;\" \/>\n<\/div>\n<\/div><\/div><\/div><\/div><\/div><\/div><div id=\"pg-1652-3\"  class=\"panel-grid panel-has-style\" ><div style=\"padding: 0px 0; \" data-overlay=\"true\" data-overlay-color=\"#000000\" class=\"panel-row-style panel-row-style-for-1652-3\" ><div id=\"pgc-1652-3-0\"  class=\"panel-grid-cell\" ><div id=\"panel-1652-3-0-0\" class=\"so-panel widget widget_sow-image panel-first-child panel-last-child\" data-index=\"5\" ><div style=\"text-align: left;\" data-title-color=\"#443f3f\" data-headings-color=\"#443f3f\" class=\"panel-widget-style panel-widget-style-for-1652-3-0-0\" ><div\n\t\t\t\n\t\t\tclass=\"so-widget-sow-image so-widget-sow-image-default-8b5b6f678277-1652\"\n\t\t\t\n\t\t>\n<div class=\"sow-image-container\">\n\t\t<img \n\tsrc=\"https:\/\/smb-nidda.de\/wp\/wp-content\/uploads\/2022\/03\/DreiHeizschlaeuche.jpg\" width=\"460\" height=\"345\" srcset=\"https:\/\/smb-nidda.de\/wp\/wp-content\/uploads\/2022\/03\/DreiHeizschlaeuche.jpg 460w, https:\/\/smb-nidda.de\/wp\/wp-content\/uploads\/2022\/03\/DreiHeizschlaeuche-300x225.jpg 300w, https:\/\/smb-nidda.de\/wp\/wp-content\/uploads\/2022\/03\/DreiHeizschlaeuche-230x173.jpg 230w, https:\/\/smb-nidda.de\/wp\/wp-content\/uploads\/2022\/03\/DreiHeizschlaeuche-350x263.jpg 350w\" sizes=\"(max-width: 460px) 100vw, 460px\" alt=\"\" \t\tclass=\"so-widget-image\"\/>\n\t<\/div>\n\n<\/div><\/div><\/div><\/div><div id=\"pgc-1652-3-1\"  class=\"panel-grid-cell\" ><div id=\"panel-1652-3-1-0\" class=\"so-panel widget widget_sow-editor panel-first-child\" data-index=\"6\" ><div style=\"text-align: left;\" data-title-color=\"#443f3f\" data-headings-color=\"#443f3f\" class=\"panel-widget-style panel-widget-style-for-1652-3-1-0\" ><div\n\t\t\t\n\t\t\tclass=\"so-widget-sow-editor so-widget-sow-editor-base\"\n\t\t\t\n\t\t>\n<div class=\"siteorigin-widget-tinymce textwidget\">\n\t<h3 style=\"text-align: center;\">HEIZSCHLAUCH-KONFEKTIONIERUNG<\/h3>\n<p>bezogen auf den Aussenmantel bieten\u00a0wir Ihnen folgende Kategorien an:<\/p>\n<ul>\n<li>PA- 6 Ringwell<\/li>\n<li>PA- 12 Ringwell<\/li>\n<li>PA-\u00a0Geflecht<\/li>\n<li>Glasgeflecht<\/li>\n<li>Metall+PU blau<\/li>\n<li>Metallwell<\/li>\n<li>Metallgeflecht<\/li>\n<\/ul>\n<\/div>\n<\/div><\/div><\/div><div id=\"panel-1652-3-1-1\" class=\"so-panel widget widget_sow-button panel-last-child\" data-index=\"7\" ><div style=\"text-align: left;\" data-title-color=\"#443f3f\" data-headings-color=\"#443f3f\" class=\"panel-widget-style panel-widget-style-for-1652-3-1-1\" ><div\n\t\t\t\n\t\t\tclass=\"so-widget-sow-button so-widget-sow-button-flat-bae070863e8d-1652\"\n\t\t\t\n\t\t><div class=\"ow-button-base ow-button-align-center\"\n>\n\t\t\t<a\n\t\t\t\t\thref=\"https:\/\/smb-nidda.de\/wp\/wp-content\/uploads\/2022\/03\/VariantenHeizschlauchKonfektionierung.pdf\"\n\t\t\t\t\tclass=\"sowb-button ow-icon-placement-left ow-button-hover\" target=\"_blank\" rel=\"noopener noreferrer\" \t>\n\t\t<span>\n\t\t\t\n\t\t\t\u00bb Gesamt\u00fcbersicht Heizschlauch-Konfektionierung\t\t<\/span>\n\t\t\t<\/a>\n\t<\/div>\n<\/div><\/div><\/div><\/div><\/div><\/div><\/div>","protected":false},"excerpt":{"rendered":"<p>FLEXIBLE HEIZSCHLAUCHTECHNIK Beheizte Heizschlauchleitungen sind bis zu einem Temperaturbereich von 200\u00b0 C lieferbar (auf Anfrage auch als Sonderausfertigung bis 400\u00b0 C). Dr\u00fccke [&hellip;]<\/p>\n","protected":false},"author":1,"featured_media":0,"parent":1642,"menu_order":3,"comment_status":"closed","ping_status":"closed","template":"page-templates\/page_fullwidth.php","meta":{"footnotes":""},"class_list":["post-1652","page","type-page","status-publish","hentry"],"yoast_head":"<!-- This site is optimized with the Yoast SEO plugin v27.5 - https:\/\/yoast.com\/product\/yoast-seo-wordpress\/ -->\n<title>&middot; Heizschl\u00e4uche - SMB Nidda<\/title>\n<meta name=\"robots\" content=\"index, follow, max-snippet:-1, max-image-preview:large, max-video-preview:-1\" \/>\n<link rel=\"canonical\" href=\"https:\/\/smb-nidda.de\/wp\/beheizte-komponenten\/rohrbuendel-heizschlaeuche\/heizschlaeuche\/\" \/>\n<meta property=\"og:locale\" content=\"de_DE\" \/>\n<meta property=\"og:type\" content=\"article\" \/>\n<meta property=\"og:title\" content=\"&middot; Heizschl\u00e4uche - SMB Nidda\" \/>\n<meta property=\"og:description\" content=\"FLEXIBLE HEIZSCHLAUCHTECHNIK Beheizte Heizschlauchleitungen sind bis zu einem Temperaturbereich von 200\u00b0 C lieferbar (auf Anfrage auch als Sonderausfertigung bis 400\u00b0 C). Dr\u00fccke [&hellip;]\" \/>\n<meta property=\"og:url\" content=\"https:\/\/smb-nidda.de\/wp\/beheizte-komponenten\/rohrbuendel-heizschlaeuche\/heizschlaeuche\/\" \/>\n<meta property=\"og:site_name\" content=\"SMB Nidda\" \/>\n<meta property=\"article:modified_time\" content=\"2022-03-15T20:58:12+00:00\" \/>\n<meta name=\"twitter:card\" content=\"summary_large_image\" \/>\n<meta name=\"twitter:label1\" content=\"Gesch\u00e4tzte Lesezeit\" \/>\n\t<meta name=\"twitter:data1\" content=\"1\u00a0Minute\" \/>\n<script type=\"application\/ld+json\" class=\"yoast-schema-graph\">{\"@context\":\"https:\\\/\\\/schema.org\",\"@graph\":[{\"@type\":\"WebPage\",\"@id\":\"https:\\\/\\\/smb-nidda.de\\\/wp\\\/beheizte-komponenten\\\/rohrbuendel-heizschlaeuche\\\/heizschlaeuche\\\/\",\"url\":\"https:\\\/\\\/smb-nidda.de\\\/wp\\\/beheizte-komponenten\\\/rohrbuendel-heizschlaeuche\\\/heizschlaeuche\\\/\",\"name\":\"&middot; Heizschl\u00e4uche - SMB Nidda\",\"isPartOf\":{\"@id\":\"https:\\\/\\\/smb-nidda.de\\\/wp\\\/#website\"},\"datePublished\":\"2022-03-15T11:05:31+00:00\",\"dateModified\":\"2022-03-15T20:58:12+00:00\",\"breadcrumb\":{\"@id\":\"https:\\\/\\\/smb-nidda.de\\\/wp\\\/beheizte-komponenten\\\/rohrbuendel-heizschlaeuche\\\/heizschlaeuche\\\/#breadcrumb\"},\"inLanguage\":\"de\",\"potentialAction\":[{\"@type\":\"ReadAction\",\"target\":[\"https:\\\/\\\/smb-nidda.de\\\/wp\\\/beheizte-komponenten\\\/rohrbuendel-heizschlaeuche\\\/heizschlaeuche\\\/\"]}]},{\"@type\":\"BreadcrumbList\",\"@id\":\"https:\\\/\\\/smb-nidda.de\\\/wp\\\/beheizte-komponenten\\\/rohrbuendel-heizschlaeuche\\\/heizschlaeuche\\\/#breadcrumb\",\"itemListElement\":[{\"@type\":\"ListItem\",\"position\":1,\"name\":\"Startseite\",\"item\":\"https:\\\/\\\/smb-nidda.de\\\/wp\\\/\"},{\"@type\":\"ListItem\",\"position\":2,\"name\":\"Beheizte Komponenten\",\"item\":\"https:\\\/\\\/smb-nidda.de\\\/wp\\\/beheizte-komponenten\\\/\"},{\"@type\":\"ListItem\",\"position\":3,\"name\":\"&middot; Rohrb\u00fcndel &#038; Heizschl\u00e4uche\",\"item\":\"https:\\\/\\\/smb-nidda.de\\\/wp\\\/beheizte-komponenten\\\/rohrbuendel-heizschlaeuche\\\/\"},{\"@type\":\"ListItem\",\"position\":4,\"name\":\"&middot; Heizschl\u00e4uche\"}]},{\"@type\":\"WebSite\",\"@id\":\"https:\\\/\\\/smb-nidda.de\\\/wp\\\/#website\",\"url\":\"https:\\\/\\\/smb-nidda.de\\\/wp\\\/\",\"name\":\"SMB Nidda\",\"description\":\"\",\"potentialAction\":[{\"@type\":\"SearchAction\",\"target\":{\"@type\":\"EntryPoint\",\"urlTemplate\":\"https:\\\/\\\/smb-nidda.de\\\/wp\\\/?s={search_term_string}\"},\"query-input\":{\"@type\":\"PropertyValueSpecification\",\"valueRequired\":true,\"valueName\":\"search_term_string\"}}],\"inLanguage\":\"de\"}]}<\/script>\n<!-- \/ Yoast SEO plugin. -->","yoast_head_json":{"title":"&middot; Heizschl\u00e4uche - SMB Nidda","robots":{"index":"index","follow":"follow","max-snippet":"max-snippet:-1","max-image-preview":"max-image-preview:large","max-video-preview":"max-video-preview:-1"},"canonical":"https:\/\/smb-nidda.de\/wp\/beheizte-komponenten\/rohrbuendel-heizschlaeuche\/heizschlaeuche\/","og_locale":"de_DE","og_type":"article","og_title":"&middot; Heizschl\u00e4uche - SMB Nidda","og_description":"FLEXIBLE HEIZSCHLAUCHTECHNIK Beheizte Heizschlauchleitungen sind bis zu einem Temperaturbereich von 200\u00b0 C lieferbar (auf Anfrage auch als Sonderausfertigung bis 400\u00b0 C). Dr\u00fccke [&hellip;]","og_url":"https:\/\/smb-nidda.de\/wp\/beheizte-komponenten\/rohrbuendel-heizschlaeuche\/heizschlaeuche\/","og_site_name":"SMB Nidda","article_modified_time":"2022-03-15T20:58:12+00:00","twitter_card":"summary_large_image","twitter_misc":{"Gesch\u00e4tzte Lesezeit":"1\u00a0Minute"},"schema":{"@context":"https:\/\/schema.org","@graph":[{"@type":"WebPage","@id":"https:\/\/smb-nidda.de\/wp\/beheizte-komponenten\/rohrbuendel-heizschlaeuche\/heizschlaeuche\/","url":"https:\/\/smb-nidda.de\/wp\/beheizte-komponenten\/rohrbuendel-heizschlaeuche\/heizschlaeuche\/","name":"&middot; Heizschl\u00e4uche - SMB Nidda","isPartOf":{"@id":"https:\/\/smb-nidda.de\/wp\/#website"},"datePublished":"2022-03-15T11:05:31+00:00","dateModified":"2022-03-15T20:58:12+00:00","breadcrumb":{"@id":"https:\/\/smb-nidda.de\/wp\/beheizte-komponenten\/rohrbuendel-heizschlaeuche\/heizschlaeuche\/#breadcrumb"},"inLanguage":"de","potentialAction":[{"@type":"ReadAction","target":["https:\/\/smb-nidda.de\/wp\/beheizte-komponenten\/rohrbuendel-heizschlaeuche\/heizschlaeuche\/"]}]},{"@type":"BreadcrumbList","@id":"https:\/\/smb-nidda.de\/wp\/beheizte-komponenten\/rohrbuendel-heizschlaeuche\/heizschlaeuche\/#breadcrumb","itemListElement":[{"@type":"ListItem","position":1,"name":"Startseite","item":"https:\/\/smb-nidda.de\/wp\/"},{"@type":"ListItem","position":2,"name":"Beheizte Komponenten","item":"https:\/\/smb-nidda.de\/wp\/beheizte-komponenten\/"},{"@type":"ListItem","position":3,"name":"&middot; Rohrb\u00fcndel &#038; Heizschl\u00e4uche","item":"https:\/\/smb-nidda.de\/wp\/beheizte-komponenten\/rohrbuendel-heizschlaeuche\/"},{"@type":"ListItem","position":4,"name":"&middot; Heizschl\u00e4uche"}]},{"@type":"WebSite","@id":"https:\/\/smb-nidda.de\/wp\/#website","url":"https:\/\/smb-nidda.de\/wp\/","name":"SMB Nidda","description":"","potentialAction":[{"@type":"SearchAction","target":{"@type":"EntryPoint","urlTemplate":"https:\/\/smb-nidda.de\/wp\/?s={search_term_string}"},"query-input":{"@type":"PropertyValueSpecification","valueRequired":true,"valueName":"search_term_string"}}],"inLanguage":"de"}]}},"_links":{"self":[{"href":"https:\/\/smb-nidda.de\/wp\/wp-json\/wp\/v2\/pages\/1652","targetHints":{"allow":["GET"]}}],"collection":[{"href":"https:\/\/smb-nidda.de\/wp\/wp-json\/wp\/v2\/pages"}],"about":[{"href":"https:\/\/smb-nidda.de\/wp\/wp-json\/wp\/v2\/types\/page"}],"author":[{"embeddable":true,"href":"https:\/\/smb-nidda.de\/wp\/wp-json\/wp\/v2\/users\/1"}],"replies":[{"embeddable":true,"href":"https:\/\/smb-nidda.de\/wp\/wp-json\/wp\/v2\/comments?post=1652"}],"version-history":[{"count":10,"href":"https:\/\/smb-nidda.de\/wp\/wp-json\/wp\/v2\/pages\/1652\/revisions"}],"predecessor-version":[{"id":1814,"href":"https:\/\/smb-nidda.de\/wp\/wp-json\/wp\/v2\/pages\/1652\/revisions\/1814"}],"up":[{"embeddable":true,"href":"https:\/\/smb-nidda.de\/wp\/wp-json\/wp\/v2\/pages\/1642"}],"wp:attachment":[{"href":"https:\/\/smb-nidda.de\/wp\/wp-json\/wp\/v2\/media?parent=1652"}],"curies":[{"name":"wp","href":"https:\/\/api.w.org\/{rel}","templated":true}]}}