{"id":2214,"date":"2022-03-17T21:13:15","date_gmt":"2022-03-17T20:13:15","guid":{"rendered":"https:\/\/smb-nidda.de\/wp\/?page_id=2214"},"modified":"2025-08-14T22:57:38","modified_gmt":"2025-08-14T20:57:38","slug":"imprint","status":"publish","type":"page","link":"https:\/\/smb-nidda.de\/wp\/en\/imprint\/","title":{"rendered":"&middot; Imprint"},"content":{"rendered":"<div id=\"pl-2214\"  class=\"panel-layout\" ><div id=\"pg-2214-0\"  class=\"panel-grid panel-has-style\" ><div class=\"siteorigin-panels-stretch panel-row-style panel-row-style-for-2214-0\" style=\"padding: 0px 0; \" data-stretch-type=\"full\" data-overlay=\"true\" data-overlay-color=\"#000000\" ><div id=\"pgc-2214-0-0\"  class=\"panel-grid-cell\" ><div id=\"panel-2214-0-0-0\" class=\"so-panel widget widget_sow-editor panel-first-child panel-last-child\" data-index=\"0\" ><div style=\"text-align: left;\" data-title-color=\"#443f3f\" data-headings-color=\"#443f3f\" class=\"panel-widget-style panel-widget-style-for-2214-0-0-0\" ><div\n\t\t\t\n\t\t\tclass=\"so-widget-sow-editor so-widget-sow-editor-base\"\n\t\t\t\n\t\t><h3 class=\"widget-title\">Imprint<\/h3>\n<div class=\"siteorigin-widget-tinymce textwidget\">\n\t<\/div>\n<\/div><\/div><\/div><\/div><\/div><\/div><div id=\"pg-2214-1\"  class=\"panel-grid panel-has-style\" ><div style=\"padding: 0px 0; \" data-overlay=\"true\" data-overlay-color=\"#000000\" class=\"panel-row-style panel-row-style-for-2214-1\" ><div id=\"pgc-2214-1-0\"  class=\"panel-grid-cell\" ><div id=\"panel-2214-1-0-0\" class=\"so-panel widget widget_sow-editor panel-first-child panel-last-child\" data-index=\"1\" ><div style=\"text-align: left;\" data-title-color=\"#443f3f\" data-headings-color=\"#443f3f\" class=\"panel-widget-style panel-widget-style-for-2214-1-0-0\" ><div\n\t\t\t\n\t\t\tclass=\"so-widget-sow-editor so-widget-sow-editor-base\"\n\t\t\t\n\t\t>\n<div class=\"siteorigin-widget-tinymce textwidget\">\n\t<p><strong>SMB GESELLSCHAFT F\u00dcR AUTOMATISIERUNGSTECHNIK MBH<\/strong><\/p>\n<p><strong>Managing Director<\/strong><br \/>\nRonny Riedel<br \/>\nStefan Velten<\/p>\n<p><strong>Shareholder<\/strong><br \/>\nHans-Joachim Sieler<br \/>\nEckhard M\u00fcller<\/p>\n<p><strong>Registered office<\/strong><br \/>\nLilienthalstra\u00dfe 19<br \/>\n63667 Nidda<br \/>\nGermany<\/p>\n<p><strong>Register court<\/strong><br \/>\nLocal court Friedberg HRB 4705<\/p>\n<p><strong>VAT ID No.<\/strong><br \/>\nDE 112 631 732<\/p>\n<p><strong>Tax number<\/strong><br \/>\n020 243 50694<\/p>\n<\/div>\n<\/div><\/div><\/div><\/div><div id=\"pgc-2214-1-1\"  class=\"panel-grid-cell\" ><div id=\"panel-2214-1-1-0\" class=\"so-panel widget widget_sow-editor panel-first-child panel-last-child\" data-index=\"2\" ><div style=\"text-align: left;\" data-title-color=\"#443f3f\" data-headings-color=\"#443f3f\" class=\"panel-widget-style panel-widget-style-for-2214-1-1-0\" ><div\n\t\t\t\n\t\t\tclass=\"so-widget-sow-editor so-widget-sow-editor-base\"\n\t\t\t\n\t\t>\n<div class=\"siteorigin-widget-tinymce textwidget\">\n\t<p><strong>OUR OFFICES<br \/>\n<\/strong>Lilienthalstra\u00dfe 19<br \/>\n63667 Nidda\/Harb<br \/>\nGermany<\/p>\n<p>Parkstra\u00dfe 15<br \/>\n63667 Nidda\/Gei\u00df-Nidda<br \/>\nGermany<\/p>\n<p><strong>POSTAL ADDRESS<br \/>\n<\/strong>P.O. Box 1150<br \/>\n63658 Nidda<br \/>\nGermany<\/p>\n<p>Telephone: +49 (0)6043\/9630-21<br \/>\nMail: <a href=\"mailto:s.velten@smb-nidda.de\">s.velten@smb-nidda.de<\/a><\/p>\n<\/div>\n<\/div><\/div><\/div><\/div><\/div><\/div><div id=\"pg-2214-2\"  class=\"panel-grid panel-has-style\" ><div style=\"padding: 0px 0; \" data-overlay=\"true\" data-overlay-color=\"#000000\" class=\"panel-row-style panel-row-style-for-2214-2\" ><div id=\"pgc-2214-2-0\"  class=\"panel-grid-cell\" ><div id=\"panel-2214-2-0-0\" class=\"so-panel widget widget_sow-editor panel-first-child panel-last-child\" data-index=\"3\" ><div style=\"text-align: left;\" data-title-color=\"#443f3f\" data-headings-color=\"#443f3f\" class=\"panel-widget-style panel-widget-style-for-2214-2-0-0\" ><div\n\t\t\t\n\t\t\tclass=\"so-widget-sow-editor so-widget-sow-editor-base\"\n\t\t\t\n\t\t>\n<div class=\"siteorigin-widget-tinymce textwidget\">\n\t<h5>Design und technical realization:<\/h5>\n<p><a href=\"https:\/\/www.reinemer-media.de\" target=\"_blank\" rel=\"noopener\"><img decoding=\"async\" src=\"https:\/\/reinemer-media.de\/img\/logo_rm.png\" alt=\"reinemer media\" width=\"250\" \/><\/a><br \/>\nInh. Melissa Reinemer<br \/>\nParkstra\u00dfe 37 \u00b7 63667 Nidda<br \/>\n<span style=\"color: #ffcb08;\"><a style=\"color: #ffcb08;\" href=\"https:\/\/www.reinemer-media.de\" target=\"_blank\" rel=\"noopener\">www.reinemer-media.de<\/a><\/span><\/p>\n<\/div>\n<\/div><\/div><\/div><\/div><\/div><\/div><\/div>","protected":false},"excerpt":{"rendered":"<p>SMB GESELLSCHAFT F\u00dcR AUTOMATISIERUNGSTECHNIK MBH Managing Director Ronny Riedel Stefan Velten Shareholder Hans-Joachim Sieler Eckhard M\u00fcller Registered office Lilienthalstra\u00dfe 19 63667 Nidda [&hellip;]<\/p>\n","protected":false},"author":1,"featured_media":0,"parent":0,"menu_order":0,"comment_status":"closed","ping_status":"closed","template":"page-templates\/page_fullwidth.php","meta":{"footnotes":""},"class_list":["post-2214","page","type-page","status-publish","hentry"],"yoast_head":"<!-- This site is optimized with the Yoast SEO plugin v27.4 - https:\/\/yoast.com\/product\/yoast-seo-wordpress\/ -->\n<title>&middot; Imprint - SMB Nidda<\/title>\n<meta name=\"robots\" content=\"index, follow, max-snippet:-1, max-image-preview:large, max-video-preview:-1\" \/>\n<link rel=\"canonical\" href=\"https:\/\/smb-nidda.de\/wp\/en\/imprint\/\" \/>\n<meta property=\"og:locale\" content=\"de_DE\" \/>\n<meta property=\"og:type\" content=\"article\" \/>\n<meta property=\"og:title\" content=\"&middot; Imprint - SMB Nidda\" \/>\n<meta property=\"og:description\" content=\"SMB GESELLSCHAFT F\u00dcR AUTOMATISIERUNGSTECHNIK MBH Managing Director Ronny Riedel Stefan Velten Shareholder Hans-Joachim Sieler Eckhard M\u00fcller Registered office Lilienthalstra\u00dfe 19 63667 Nidda [&hellip;]\" \/>\n<meta property=\"og:url\" content=\"https:\/\/smb-nidda.de\/wp\/en\/imprint\/\" \/>\n<meta property=\"og:site_name\" content=\"SMB Nidda\" \/>\n<meta property=\"article:modified_time\" content=\"2025-08-14T20:57:38+00:00\" \/>\n<meta property=\"og:image\" content=\"https:\/\/reinemer-media.de\/img\/logo_rm.png\" \/>\n<meta name=\"twitter:card\" content=\"summary_large_image\" \/>\n<meta name=\"twitter:label1\" content=\"Gesch\u00e4tzte Lesezeit\" \/>\n\t<meta name=\"twitter:data1\" content=\"1\u00a0Minute\" \/>\n<script type=\"application\/ld+json\" class=\"yoast-schema-graph\">{\"@context\":\"https:\\\/\\\/schema.org\",\"@graph\":[{\"@type\":\"WebPage\",\"@id\":\"https:\\\/\\\/smb-nidda.de\\\/wp\\\/en\\\/imprint\\\/\",\"url\":\"https:\\\/\\\/smb-nidda.de\\\/wp\\\/en\\\/imprint\\\/\",\"name\":\"&middot; Imprint - SMB Nidda\",\"isPartOf\":{\"@id\":\"https:\\\/\\\/smb-nidda.de\\\/wp\\\/#website\"},\"primaryImageOfPage\":{\"@id\":\"https:\\\/\\\/smb-nidda.de\\\/wp\\\/en\\\/imprint\\\/#primaryimage\"},\"image\":{\"@id\":\"https:\\\/\\\/smb-nidda.de\\\/wp\\\/en\\\/imprint\\\/#primaryimage\"},\"thumbnailUrl\":\"https:\\\/\\\/reinemer-media.de\\\/img\\\/logo_rm.png\",\"datePublished\":\"2022-03-17T20:13:15+00:00\",\"dateModified\":\"2025-08-14T20:57:38+00:00\",\"breadcrumb\":{\"@id\":\"https:\\\/\\\/smb-nidda.de\\\/wp\\\/en\\\/imprint\\\/#breadcrumb\"},\"inLanguage\":\"de\",\"potentialAction\":[{\"@type\":\"ReadAction\",\"target\":[\"https:\\\/\\\/smb-nidda.de\\\/wp\\\/en\\\/imprint\\\/\"]}]},{\"@type\":\"ImageObject\",\"inLanguage\":\"de\",\"@id\":\"https:\\\/\\\/smb-nidda.de\\\/wp\\\/en\\\/imprint\\\/#primaryimage\",\"url\":\"https:\\\/\\\/reinemer-media.de\\\/img\\\/logo_rm.png\",\"contentUrl\":\"https:\\\/\\\/reinemer-media.de\\\/img\\\/logo_rm.png\"},{\"@type\":\"BreadcrumbList\",\"@id\":\"https:\\\/\\\/smb-nidda.de\\\/wp\\\/en\\\/imprint\\\/#breadcrumb\",\"itemListElement\":[{\"@type\":\"ListItem\",\"position\":1,\"name\":\"Startseite\",\"item\":\"https:\\\/\\\/smb-nidda.de\\\/wp\\\/\"},{\"@type\":\"ListItem\",\"position\":2,\"name\":\"&middot; Imprint\"}]},{\"@type\":\"WebSite\",\"@id\":\"https:\\\/\\\/smb-nidda.de\\\/wp\\\/#website\",\"url\":\"https:\\\/\\\/smb-nidda.de\\\/wp\\\/\",\"name\":\"SMB Nidda\",\"description\":\"\",\"potentialAction\":[{\"@type\":\"SearchAction\",\"target\":{\"@type\":\"EntryPoint\",\"urlTemplate\":\"https:\\\/\\\/smb-nidda.de\\\/wp\\\/?s={search_term_string}\"},\"query-input\":{\"@type\":\"PropertyValueSpecification\",\"valueRequired\":true,\"valueName\":\"search_term_string\"}}],\"inLanguage\":\"de\"}]}<\/script>\n<!-- \/ Yoast SEO plugin. -->","yoast_head_json":{"title":"&middot; Imprint - SMB Nidda","robots":{"index":"index","follow":"follow","max-snippet":"max-snippet:-1","max-image-preview":"max-image-preview:large","max-video-preview":"max-video-preview:-1"},"canonical":"https:\/\/smb-nidda.de\/wp\/en\/imprint\/","og_locale":"de_DE","og_type":"article","og_title":"&middot; Imprint - SMB Nidda","og_description":"SMB GESELLSCHAFT F\u00dcR AUTOMATISIERUNGSTECHNIK MBH Managing Director Ronny Riedel Stefan Velten Shareholder Hans-Joachim Sieler Eckhard M\u00fcller Registered office Lilienthalstra\u00dfe 19 63667 Nidda [&hellip;]","og_url":"https:\/\/smb-nidda.de\/wp\/en\/imprint\/","og_site_name":"SMB Nidda","article_modified_time":"2025-08-14T20:57:38+00:00","og_image":[{"url":"https:\/\/reinemer-media.de\/img\/logo_rm.png","type":"","width":"","height":""}],"twitter_card":"summary_large_image","twitter_misc":{"Gesch\u00e4tzte Lesezeit":"1\u00a0Minute"},"schema":{"@context":"https:\/\/schema.org","@graph":[{"@type":"WebPage","@id":"https:\/\/smb-nidda.de\/wp\/en\/imprint\/","url":"https:\/\/smb-nidda.de\/wp\/en\/imprint\/","name":"&middot; Imprint - SMB Nidda","isPartOf":{"@id":"https:\/\/smb-nidda.de\/wp\/#website"},"primaryImageOfPage":{"@id":"https:\/\/smb-nidda.de\/wp\/en\/imprint\/#primaryimage"},"image":{"@id":"https:\/\/smb-nidda.de\/wp\/en\/imprint\/#primaryimage"},"thumbnailUrl":"https:\/\/reinemer-media.de\/img\/logo_rm.png","datePublished":"2022-03-17T20:13:15+00:00","dateModified":"2025-08-14T20:57:38+00:00","breadcrumb":{"@id":"https:\/\/smb-nidda.de\/wp\/en\/imprint\/#breadcrumb"},"inLanguage":"de","potentialAction":[{"@type":"ReadAction","target":["https:\/\/smb-nidda.de\/wp\/en\/imprint\/"]}]},{"@type":"ImageObject","inLanguage":"de","@id":"https:\/\/smb-nidda.de\/wp\/en\/imprint\/#primaryimage","url":"https:\/\/reinemer-media.de\/img\/logo_rm.png","contentUrl":"https:\/\/reinemer-media.de\/img\/logo_rm.png"},{"@type":"BreadcrumbList","@id":"https:\/\/smb-nidda.de\/wp\/en\/imprint\/#breadcrumb","itemListElement":[{"@type":"ListItem","position":1,"name":"Startseite","item":"https:\/\/smb-nidda.de\/wp\/"},{"@type":"ListItem","position":2,"name":"&middot; Imprint"}]},{"@type":"WebSite","@id":"https:\/\/smb-nidda.de\/wp\/#website","url":"https:\/\/smb-nidda.de\/wp\/","name":"SMB Nidda","description":"","potentialAction":[{"@type":"SearchAction","target":{"@type":"EntryPoint","urlTemplate":"https:\/\/smb-nidda.de\/wp\/?s={search_term_string}"},"query-input":{"@type":"PropertyValueSpecification","valueRequired":true,"valueName":"search_term_string"}}],"inLanguage":"de"}]}},"_links":{"self":[{"href":"https:\/\/smb-nidda.de\/wp\/wp-json\/wp\/v2\/pages\/2214","targetHints":{"allow":["GET"]}}],"collection":[{"href":"https:\/\/smb-nidda.de\/wp\/wp-json\/wp\/v2\/pages"}],"about":[{"href":"https:\/\/smb-nidda.de\/wp\/wp-json\/wp\/v2\/types\/page"}],"author":[{"embeddable":true,"href":"https:\/\/smb-nidda.de\/wp\/wp-json\/wp\/v2\/users\/1"}],"replies":[{"embeddable":true,"href":"https:\/\/smb-nidda.de\/wp\/wp-json\/wp\/v2\/comments?post=2214"}],"version-history":[{"count":13,"href":"https:\/\/smb-nidda.de\/wp\/wp-json\/wp\/v2\/pages\/2214\/revisions"}],"predecessor-version":[{"id":3117,"href":"https:\/\/smb-nidda.de\/wp\/wp-json\/wp\/v2\/pages\/2214\/revisions\/3117"}],"wp:attachment":[{"href":"https:\/\/smb-nidda.de\/wp\/wp-json\/wp\/v2\/media?parent=2214"}],"curies":[{"name":"wp","href":"https:\/\/api.w.org\/{rel}","templated":true}]}}