{"id":24,"date":"2022-02-09T21:33:29","date_gmt":"2022-02-09T20:33:29","guid":{"rendered":"https:\/\/smb-nidda.de\/wp\/?page_id=24"},"modified":"2024-02-16T10:14:23","modified_gmt":"2024-02-16T09:14:23","slug":"kontakt","status":"publish","type":"page","link":"https:\/\/smb-nidda.de\/wp\/kontakt\/","title":{"rendered":"Kontakt"},"content":{"rendered":"<div id=\"pl-24\"  class=\"panel-layout\" ><div id=\"pg-24-0\"  class=\"panel-grid panel-has-style\" ><div style=\"padding: 0px 0; \" data-overlay=\"true\" data-overlay-color=\"#000000\" class=\"panel-row-style panel-row-style-for-24-0\" ><div id=\"pgc-24-0-0\"  class=\"panel-grid-cell\" ><div id=\"panel-24-0-0-0\" class=\"so-panel widget widget_sow-editor panel-first-child panel-last-child\" data-index=\"0\" ><div style=\"text-align: left;\" data-title-color=\"#443f3f\" data-headings-color=\"#443f3f\" class=\"panel-widget-style panel-widget-style-for-24-0-0-0\" ><div\n\t\t\t\n\t\t\tclass=\"so-widget-sow-editor so-widget-sow-editor-base\"\n\t\t\t\n\t\t><h3 class=\"widget-title\">Kontakt<\/h3>\n<div class=\"siteorigin-widget-tinymce textwidget\">\n\t<\/div>\n<\/div><\/div><\/div><\/div><\/div><\/div><div id=\"pg-24-1\"  class=\"panel-grid panel-has-style\" ><div style=\"padding: 100px 0; \" data-overlay=\"true\" data-overlay-color=\"#000000\" class=\"panel-row-style panel-row-style-for-24-1\" ><div id=\"pgc-24-1-0\"  class=\"panel-grid-cell\" ><div id=\"panel-24-1-0-0\" class=\"so-panel widget widget_sow-editor panel-first-child panel-last-child\" data-index=\"1\" ><div style=\"text-align: left;\" data-title-color=\"#443f3f\" data-headings-color=\"#443f3f\" class=\"panel-widget-style panel-widget-style-for-24-1-0-0\" ><div\n\t\t\t\n\t\t\tclass=\"so-widget-sow-editor so-widget-sow-editor-base\"\n\t\t\t\n\t\t>\n<div class=\"siteorigin-widget-tinymce textwidget\">\n\t<h3>ANSPRECHPARTNER<\/h3>\n<p><strong>Stefan Velten<\/strong><br \/>\nGesch\u00e4ftsf\u00fchrer<br \/>\nTechnischer Leiter EMSR und Maschinenbau<br \/>\nTelefon +49 (6043) 9630-18<br \/>\n<a href=\"mailto:s.velten@smb-nidda.de\">s.velten@smb-nidda.de<\/a><\/p>\n<p><strong>Ronny Riedel<\/strong><br \/>\nGesch\u00e4ftsf\u00fchrer<br \/>\nTelefon +49 (6043) 9630-19<br \/>\n<a href=\"mailto:r.riedel@smb-nidda.de\">r.riedel@smb-nidda.de<\/a><\/p>\n<p><strong>Hans-Joachim Sieler<\/strong><br \/>\nGesellschafter<br \/>\nTelefon +49 (6043) 9630-13<br \/>\n<a href=\"mailto:hj.sieler@smb-nidda.de\">hj.sieler@smb-nidda.de<\/a><\/p>\n<p><strong>Eckhard M\u00fcller<\/strong><br \/>\nGesellschafter<br \/>\nTelefon +49 (6043) 9630-16<br \/>\n<a href=\"mailto:e.mueller@smb-nidda.de\">e.mueller@smb-nidda.de<\/a><\/p>\n<p><strong>Stefan Petzoldt<\/strong><br \/>\nProkurist \/ Technischer Leiter Anlageninstrumentierung und Instrumentenluftverteiler<br \/>\nTelefon +49 (6043) 9630-14<br \/>\n<a href=\"mailto:s.petzoldt@smb-nidda.de\">s.petzoldt@smb-nidda.de<\/a><\/p>\n<p><strong>Manuel Bipp<\/strong><br \/>\nProkurist \/ Technischer Leiter Energie- und Haustechnik<br \/>\nTelefon +49 (6043) 9630-37<br \/>\n<a href=\"mailto:m.bipp@smb-nidda.de\">m.bipp@smb-nidda.de<\/a><\/p>\n<p><strong>Andreas Hemmerich<\/strong><br \/>\nTechnischer Leiter Heizschl\u00e4uche und Rohrb\u00fcndelleitungen<br \/>\nTelefon +49 (6043) 9630-70<br \/>\n<a href=\"mailto:a.hemmerich@smb-nidda.de\">a.hemmerich@smb-nidda.de<\/a><\/p>\n<p><strong>Nicole Sieler<\/strong><br \/>\nBuchhaltung<br \/>\nTelefon +49 (6043) 9630-33<br \/>\n<a href=\"mailto:n.sieler@smb-nidda.de\">n.sieler@smb-nidda.de<\/a><\/p>\n<\/div>\n<\/div><\/div><\/div><\/div><div id=\"pgc-24-1-1\"  class=\"panel-grid-cell\" ><div id=\"panel-24-1-1-0\" class=\"so-panel widget widget_sow-editor panel-first-child panel-last-child\" data-index=\"2\" ><div style=\"text-align: left;\" data-title-color=\"#443f3f\" data-headings-color=\"#443f3f\" class=\"panel-widget-style panel-widget-style-for-24-1-1-0\" ><div\n\t\t\t\n\t\t\tclass=\"so-widget-sow-editor so-widget-sow-editor-base\"\n\t\t\t\n\t\t>\n<div class=\"siteorigin-widget-tinymce textwidget\">\n\t<h3><strong>UNSERE GESCH\u00c4FTSSTELLEN<\/strong><\/h3>\n<p><strong>Automatisierungstechnik und Heizungs-, L\u00fcfungs- und Klimatechnik:<\/strong><br \/>\nLilienthalstra\u00dfe 19, 63667 Nidda-Harb<\/p>\n<p><strong>Mechanische Fertigung:<\/strong><br \/>\nParkstra\u00dfe 15, 63667 Nidda\/Gei\u00df-Nidda<\/p>\n<p><strong>UNSERE ZENTRALE<\/strong><br \/>\nTelefon (06043) 9630-21<\/p>\n<p><strong>GEMEINSAME POSTANSCHRIFT<\/strong><br \/>\nPostfach 1150, 63658 Nidda<\/p>\n<\/div>\n<\/div><\/div><\/div><\/div><\/div><\/div><\/div>","protected":false},"excerpt":{"rendered":"<p>ANSPRECHPARTNER Stefan Velten Gesch\u00e4ftsf\u00fchrer Technischer Leiter EMSR und Maschinenbau Telefon +49 (6043) 9630-18 s.velten@smb-nidda.de Ronny Riedel Gesch\u00e4ftsf\u00fchrer Telefon +49 (6043) 9630-19 r.riedel@smb-nidda.de [&hellip;]<\/p>\n","protected":false},"author":1,"featured_media":0,"parent":0,"menu_order":0,"comment_status":"closed","ping_status":"closed","template":"page-templates\/page_fullwidth.php","meta":{"footnotes":""},"class_list":["post-24","page","type-page","status-publish","hentry"],"yoast_head":"<!-- This site is optimized with the Yoast SEO plugin v27.5 - https:\/\/yoast.com\/product\/yoast-seo-wordpress\/ -->\n<title>Kontakt - SMB Nidda<\/title>\n<meta name=\"robots\" content=\"index, follow, max-snippet:-1, max-image-preview:large, max-video-preview:-1\" \/>\n<link rel=\"canonical\" href=\"https:\/\/smb-nidda.de\/wp\/kontakt\/\" \/>\n<meta property=\"og:locale\" content=\"de_DE\" \/>\n<meta property=\"og:type\" content=\"article\" \/>\n<meta property=\"og:title\" content=\"Kontakt - SMB Nidda\" \/>\n<meta property=\"og:description\" content=\"ANSPRECHPARTNER Stefan Velten Gesch\u00e4ftsf\u00fchrer Technischer Leiter EMSR und Maschinenbau Telefon +49 (6043) 9630-18 s.velten@smb-nidda.de Ronny Riedel Gesch\u00e4ftsf\u00fchrer Telefon +49 (6043) 9630-19 r.riedel@smb-nidda.de [&hellip;]\" \/>\n<meta property=\"og:url\" content=\"https:\/\/smb-nidda.de\/wp\/kontakt\/\" \/>\n<meta property=\"og:site_name\" content=\"SMB Nidda\" \/>\n<meta property=\"article:modified_time\" content=\"2024-02-16T09:14:23+00:00\" \/>\n<meta name=\"twitter:card\" content=\"summary_large_image\" \/>\n<meta name=\"twitter:label1\" content=\"Gesch\u00e4tzte Lesezeit\" \/>\n\t<meta name=\"twitter:data1\" content=\"1\u00a0Minute\" \/>\n<script type=\"application\/ld+json\" class=\"yoast-schema-graph\">{\"@context\":\"https:\\\/\\\/schema.org\",\"@graph\":[{\"@type\":\"WebPage\",\"@id\":\"https:\\\/\\\/smb-nidda.de\\\/wp\\\/kontakt\\\/\",\"url\":\"https:\\\/\\\/smb-nidda.de\\\/wp\\\/kontakt\\\/\",\"name\":\"Kontakt - SMB Nidda\",\"isPartOf\":{\"@id\":\"https:\\\/\\\/smb-nidda.de\\\/wp\\\/#website\"},\"datePublished\":\"2022-02-09T20:33:29+00:00\",\"dateModified\":\"2024-02-16T09:14:23+00:00\",\"breadcrumb\":{\"@id\":\"https:\\\/\\\/smb-nidda.de\\\/wp\\\/kontakt\\\/#breadcrumb\"},\"inLanguage\":\"de\",\"potentialAction\":[{\"@type\":\"ReadAction\",\"target\":[\"https:\\\/\\\/smb-nidda.de\\\/wp\\\/kontakt\\\/\"]}]},{\"@type\":\"BreadcrumbList\",\"@id\":\"https:\\\/\\\/smb-nidda.de\\\/wp\\\/kontakt\\\/#breadcrumb\",\"itemListElement\":[{\"@type\":\"ListItem\",\"position\":1,\"name\":\"Startseite\",\"item\":\"https:\\\/\\\/smb-nidda.de\\\/wp\\\/\"},{\"@type\":\"ListItem\",\"position\":2,\"name\":\"Kontakt\"}]},{\"@type\":\"WebSite\",\"@id\":\"https:\\\/\\\/smb-nidda.de\\\/wp\\\/#website\",\"url\":\"https:\\\/\\\/smb-nidda.de\\\/wp\\\/\",\"name\":\"SMB Nidda\",\"description\":\"\",\"potentialAction\":[{\"@type\":\"SearchAction\",\"target\":{\"@type\":\"EntryPoint\",\"urlTemplate\":\"https:\\\/\\\/smb-nidda.de\\\/wp\\\/?s={search_term_string}\"},\"query-input\":{\"@type\":\"PropertyValueSpecification\",\"valueRequired\":true,\"valueName\":\"search_term_string\"}}],\"inLanguage\":\"de\"}]}<\/script>\n<!-- \/ Yoast SEO plugin. -->","yoast_head_json":{"title":"Kontakt - SMB Nidda","robots":{"index":"index","follow":"follow","max-snippet":"max-snippet:-1","max-image-preview":"max-image-preview:large","max-video-preview":"max-video-preview:-1"},"canonical":"https:\/\/smb-nidda.de\/wp\/kontakt\/","og_locale":"de_DE","og_type":"article","og_title":"Kontakt - SMB Nidda","og_description":"ANSPRECHPARTNER Stefan Velten Gesch\u00e4ftsf\u00fchrer Technischer Leiter EMSR und Maschinenbau Telefon +49 (6043) 9630-18 s.velten@smb-nidda.de Ronny Riedel Gesch\u00e4ftsf\u00fchrer Telefon +49 (6043) 9630-19 r.riedel@smb-nidda.de [&hellip;]","og_url":"https:\/\/smb-nidda.de\/wp\/kontakt\/","og_site_name":"SMB Nidda","article_modified_time":"2024-02-16T09:14:23+00:00","twitter_card":"summary_large_image","twitter_misc":{"Gesch\u00e4tzte Lesezeit":"1\u00a0Minute"},"schema":{"@context":"https:\/\/schema.org","@graph":[{"@type":"WebPage","@id":"https:\/\/smb-nidda.de\/wp\/kontakt\/","url":"https:\/\/smb-nidda.de\/wp\/kontakt\/","name":"Kontakt - SMB Nidda","isPartOf":{"@id":"https:\/\/smb-nidda.de\/wp\/#website"},"datePublished":"2022-02-09T20:33:29+00:00","dateModified":"2024-02-16T09:14:23+00:00","breadcrumb":{"@id":"https:\/\/smb-nidda.de\/wp\/kontakt\/#breadcrumb"},"inLanguage":"de","potentialAction":[{"@type":"ReadAction","target":["https:\/\/smb-nidda.de\/wp\/kontakt\/"]}]},{"@type":"BreadcrumbList","@id":"https:\/\/smb-nidda.de\/wp\/kontakt\/#breadcrumb","itemListElement":[{"@type":"ListItem","position":1,"name":"Startseite","item":"https:\/\/smb-nidda.de\/wp\/"},{"@type":"ListItem","position":2,"name":"Kontakt"}]},{"@type":"WebSite","@id":"https:\/\/smb-nidda.de\/wp\/#website","url":"https:\/\/smb-nidda.de\/wp\/","name":"SMB Nidda","description":"","potentialAction":[{"@type":"SearchAction","target":{"@type":"EntryPoint","urlTemplate":"https:\/\/smb-nidda.de\/wp\/?s={search_term_string}"},"query-input":{"@type":"PropertyValueSpecification","valueRequired":true,"valueName":"search_term_string"}}],"inLanguage":"de"}]}},"_links":{"self":[{"href":"https:\/\/smb-nidda.de\/wp\/wp-json\/wp\/v2\/pages\/24","targetHints":{"allow":["GET"]}}],"collection":[{"href":"https:\/\/smb-nidda.de\/wp\/wp-json\/wp\/v2\/pages"}],"about":[{"href":"https:\/\/smb-nidda.de\/wp\/wp-json\/wp\/v2\/types\/page"}],"author":[{"embeddable":true,"href":"https:\/\/smb-nidda.de\/wp\/wp-json\/wp\/v2\/users\/1"}],"replies":[{"embeddable":true,"href":"https:\/\/smb-nidda.de\/wp\/wp-json\/wp\/v2\/comments?post=24"}],"version-history":[{"count":17,"href":"https:\/\/smb-nidda.de\/wp\/wp-json\/wp\/v2\/pages\/24\/revisions"}],"predecessor-version":[{"id":3088,"href":"https:\/\/smb-nidda.de\/wp\/wp-json\/wp\/v2\/pages\/24\/revisions\/3088"}],"wp:attachment":[{"href":"https:\/\/smb-nidda.de\/wp\/wp-json\/wp\/v2\/media?parent=24"}],"curies":[{"name":"wp","href":"https:\/\/api.w.org\/{rel}","templated":true}]}}